{"id":989406,"date":"2025-11-06T17:04:31","date_gmt":"2025-11-06T17:04:31","guid":{"rendered":"https:\/\/www.educaemprende.com\/?page_id=989406"},"modified":"2026-04-23T16:15:33","modified_gmt":"2026-04-23T16:15:33","slug":"blog","status":"publish","type":"page","link":"https:\/\/www.educaemprende.com\/index.php\/blog\/","title":{"rendered":"BLOG"},"content":{"rendered":"<div class=\"vgblk-rw-wrapper limit-wrapper\">\n\n\t\n\t\t\t<!-- START SliderBlog REVOLUTION SLIDER 6.6.4 --><p class=\"rs-p-wp-fix\"><\/p>\n\t\t\t<rs-module-wrap id=\"rev_slider_13_1_wrapper\" data-source=\"gallery\" style=\"visibility:hidden;background:transparent;padding:0;margin:0px auto;margin-top:0;margin-bottom:0;\">\n\t\t\t\t<rs-module id=\"rev_slider_13_1\" style=\"\" data-version=\"6.6.4\">\n\t\t\t\t\t<rs-slides style=\"overflow: hidden; position: absolute;\">\n\t\t\t\t\t\t<rs-slide style=\"position: absolute;\" data-key=\"rs-35\" data-title=\"Slide\" data-in=\"o:0;\" data-out=\"a:false;\">\n\t\t\t\t\t\t\t<img decoding=\"async\" src=\"\/\/www.educaemprende.com\/wp-content\/plugins\/revslider\/public\/assets\/assets\/dummy.png\" alt=\"Slide\" title=\"BLOG\" class=\"rev-slidebg tp-rs-img rs-lazyload\" data-lazyload=\"\/\/www.educaemprende.com\/wp-content\/plugins\/revslider\/public\/assets\/assets\/transparent.png\" data-no-retina>\n<!--\n\t\t\t\t\t\t\t--><rs-layer\n\t\t\t\t\t\t\t\tid=\"slider-13-slide-35-layer-0\" \n\t\t\t\t\t\t\t\tdata-type=\"image\"\n\t\t\t\t\t\t\t\tdata-rsp_ch=\"on\"\n\t\t\t\t\t\t\t\tdata-xy=\"x:1px;y:-144px;\"\n\t\t\t\t\t\t\t\tdata-text=\"w:normal;\"\n\t\t\t\t\t\t\t\tdata-dim=\"w:100%;h:100%;\"\n\t\t\t\t\t\t\t\tdata-basealign=\"slide\"\n\t\t\t\t\t\t\t\tdata-frame_999=\"o:0;st:w;sR:8700;\"\n\t\t\t\t\t\t\t\tstyle=\"z-index:3;\"\n\t\t\t\t\t\t\t><img decoding=\"async\" src=\"\/\/www.educaemprende.com\/wp-content\/plugins\/revslider\/public\/assets\/assets\/dummy.png\" alt=\"\" class=\"tp-rs-img rs-lazyload\" width=\"1260\" height=\"969\" data-lazyload=\"\/\/www.educaemprende.com\/wp-content\/uploads\/2025\/11\/pexels-fauxels-3184405-1260x969.jpg\" data-c=\"cover-proportional\" data-no-retina> \n\t\t\t\t\t\t\t<\/rs-layer><!--\n\n\t\t\t\t\t\t\t--><rs-layer\n\t\t\t\t\t\t\t\tid=\"slider-13-slide-35-layer-1\" \n\t\t\t\t\t\t\t\tdata-type=\"text\"\n\t\t\t\t\t\t\t\tdata-color=\"#ffffff\"\n\t\t\t\t\t\t\t\tdata-rsp_ch=\"on\"\n\t\t\t\t\t\t\t\tdata-xy=\"y:244px;\"\n\t\t\t\t\t\t\t\tdata-text=\"w:normal;s:25;\"\n\t\t\t\t\t\t\t\tdata-dim=\"w:658px;\"\n\t\t\t\t\t\t\t\tdata-frame_1=\"x:90px;y:2px;st:590;sp:1700;sR:590;\"\n\t\t\t\t\t\t\t\tdata-frame_999=\"o:0;st:w;sR:6710;\"\n\t\t\t\t\t\t\t\tstyle=\"z-index:4;font-family:'Montserrat';\"\n\t\t\t\t\t\t\t> \"Si no construyes tu sue\u00f1o, alguien m\u00e1s te contratar\u00e1 para que construyas el suyo\" \n\t\t\t\t\t\t\t<\/rs-layer><!--\n\n\t\t\t\t\t\t\t--><rs-layer\n\t\t\t\t\t\t\t\tid=\"slider-13-slide-35-layer-2\" \n\t\t\t\t\t\t\t\tdata-type=\"text\"\n\t\t\t\t\t\t\t\tdata-color=\"#e2a027\"\n\t\t\t\t\t\t\t\tdata-rsp_ch=\"on\"\n\t\t\t\t\t\t\t\tdata-xy=\"x:182px;y:182px;\"\n\t\t\t\t\t\t\t\tdata-text=\"w:normal;\"\n\t\t\t\t\t\t\t\tdata-frame_1=\"x:320px;y:132px;st:2340;sR:2340;\"\n\t\t\t\t\t\t\t\tdata-frame_999=\"o:0;st:w;sR:6360;\"\n\t\t\t\t\t\t\t\tstyle=\"z-index:8;font-family:'Montserrat';\"\n\t\t\t\t\t\t\t>Tony Gaskins \n\t\t\t\t\t\t\t<\/rs-layer><!--\n-->\t\t\t\t\t\t<\/rs-slide>\n\t\t\t\t\t<\/rs-slides>\n\t\t\t\t<\/rs-module>\n\t\t\t\t<script>\n\t\t\t\t\tsetREVStartSize({c: 'rev_slider_13_1',rl:[1240,1024,778,480],el:[500],gw:[1240],gh:[500],type:'standard',justify:'',layout:'fullwidth',mh:\"0\"});if (window.RS_MODULES!==undefined && window.RS_MODULES.modules!==undefined && window.RS_MODULES.modules[\"revslider131\"]!==undefined) {window.RS_MODULES.modules[\"revslider131\"].once = false;window.revapi13 = undefined;if (window.RS_MODULES.checkMinimal!==undefined) window.RS_MODULES.checkMinimal()}\n\t\t\t\t<\/script>\n\t\t\t<\/rs-module-wrap>\n\t\t\t<!-- END REVOLUTION SLIDER -->\n\n\t<style type='text\/css' media='all'>#rt-tpg-container-2577948587 .rt-holder .rt-woo-info .price{color:#0367bf;}body .rt-tpg-container .rt-tpg-isotope-buttons .selected,\n\t\t\t\t\t#rt-tpg-container-2577948587 .layout12 .rt-holder:hover .rt-detail,\n\t\t\t\t\t#rt-tpg-container-2577948587 .isotope8 .rt-holder:hover .rt-detail,\n\t\t\t\t\t#rt-tpg-container-2577948587 .carousel8 .rt-holder:hover .rt-detail,\n\t\t\t\t\t#rt-tpg-container-2577948587 .layout13 .rt-holder .overlay .post-info,\n\t\t\t\t\t#rt-tpg-container-2577948587 .isotope9 .rt-holder .overlay .post-info,\n\t\t\t\t\t#rt-tpg-container-2577948587.rt-tpg-container .layout4 .rt-holder .rt-detail,\n\t\t\t\t\t.rt-modal-2577948587 .md-content,\n\t\t\t\t\t.rt-modal-2577948587 .md-content > .rt-md-content-holder .rt-md-content,\n\t\t\t\t\t.rt-popup-wrap-2577948587.rt-popup-wrap .rt-popup-navigation-wrap,\n\t\t\t\t\t#rt-tpg-container-2577948587 .carousel9 .rt-holder .overlay .post-info{background-color:#0367bf;}#rt-tpg-container-2577948587 .layout5 .rt-holder .overlay, #rt-tpg-container-2577948587 .isotope2 .rt-holder .overlay, #rt-tpg-container-2577948587 .carousel2 .rt-holder .overlay,#rt-tpg-container-2577948587 .layout15 .rt-holder h3, #rt-tpg-container-2577948587 .isotope11 .rt-holder h3, #rt-tpg-container-2577948587 .carousel11 .rt-holder h3, #rt-tpg-container-2577948587 .layout16 .rt-holder h3,\n\t\t\t\t\t#rt-tpg-container-2577948587 .isotope12 .rt-holder h3, #rt-tpg-container-2577948587 .carousel12 .rt-holder h3 {background-color:rgba(3,103,191,0.8);}#rt-tpg-container-2577948587 .read-more a{border-radius:px;}#rt-tpg-container-2577948587 .rt-img-holder img.rt-img-responsive,#rt-tpg-container-2577948587 .rt-img-holder,\n\t\t\t\t\t#rt-tpg-container-2577948587 .rt-post-overlay .post-img,\n\t\t\t\t\t#rt-tpg-container-2577948587 .post-sm .post-img,\n\t\t\t\t\t#rt-tpg-container-2577948587 .rt-post-grid .post-img,\n\t\t\t\t\t#rt-tpg-container-2577948587 .post-img img {border-radius:px;}<\/style><div class='rt-container-fluid rt-tpg-container tpg-shortcode-main-wrapper ' id='rt-tpg-container-2577948587'   data-layout='layout12' data-grid-style='even' data-desktop-col='3'  data-tab-col='2'  data-mobile-col='1' data-sc-id='989955'><div class=\"tpg-widget-heading-wrapper heading-style1 \"><span class=\"tpg-widget-heading-line line-left\"><\/span><h2 class=\"tpg-widget-heading\">BLOG<\/h2><span class=\"tpg-widget-heading-line\"><\/span><\/div><div data-title='Loading ...' class='rt-row rt-content-loader   layout12 tpg-even '><div class=\"rt-col-md-4 rt-col-sm-6 rt-col-xs-12 even-grid-item rt-grid-item\" data-id=\"991361\"><div class=\"rt-holder\"><div class=\"rt-img-holder\"><a data-id='991361' class='' href='https:\/\/www.educaemprende.com\/index.php\/2026\/04\/15\/dia-internacional-del-emprendimiento-2026-por-que-empezar-desde-el-colegio-lo-cambia-todo\/'><img loading=\"lazy\" decoding=\"async\" width=\"1408\" height=\"768\" src=\"https:\/\/www.educaemprende.com\/wp-content\/uploads\/2026\/04\/educaemprende-feria-de-emprendimiento.png\" class=\"rt-img-responsive \" alt=\"\" data-attachment-id=\"991362\" data-permalink=\"https:\/\/www.educaemprende.com\/index.php\/2026\/04\/15\/dia-internacional-del-emprendimiento-2026-por-que-empezar-desde-el-colegio-lo-cambia-todo\/educaemprende-feria-de-emprendimiento\/\" data-orig-file=\"https:\/\/www.educaemprende.com\/wp-content\/uploads\/2026\/04\/educaemprende-feria-de-emprendimiento.png\" data-orig-size=\"1408,768\" data-comments-opened=\"1\" data-image-meta=\"{&quot;aperture&quot;:&quot;0&quot;,&quot;credit&quot;:&quot;&quot;,&quot;camera&quot;:&quot;&quot;,&quot;caption&quot;:&quot;&quot;,&quot;created_timestamp&quot;:&quot;0&quot;,&quot;copyright&quot;:&quot;&quot;,&quot;focal_length&quot;:&quot;0&quot;,&quot;iso&quot;:&quot;0&quot;,&quot;shutter_speed&quot;:&quot;0&quot;,&quot;title&quot;:&quot;&quot;,&quot;orientation&quot;:&quot;0&quot;}\" data-image-title=\"educaemprende feria de emprendimiento\" data-image-description=\"\" data-image-caption=\"\" data-medium-file=\"https:\/\/www.educaemprende.com\/wp-content\/uploads\/2026\/04\/educaemprende-feria-de-emprendimiento-300x164.png\" data-large-file=\"https:\/\/www.educaemprende.com\/wp-content\/uploads\/2026\/04\/educaemprende-feria-de-emprendimiento-1024x559.png\" \/><\/a><\/div> <div class='rt-detail'><div class='post-meta-user '><span class='date-meta'><i class='far fa-calendar-alt '><\/i>abril 15, 2026<\/span><span class='author'><i class='fa fa-user '><\/i><a href=\"https:\/\/www.educaemprende.com\/index.php\/author\/ariel-sae\/\">Ariel Gonzalez<\/a><\/span><span class='categories-links'><i class='fas fa-folder-open '><\/i><a class=\"actividades\" href=\"https:\/\/www.educaemprende.com\/index.php\/category\/actividades\/\" rel=\"tag\">actividades<\/a><span class=\"rt-separator\">,<\/span><a class=\"posts\" href=\"https:\/\/www.educaemprende.com\/index.php\/category\/posts\/\" rel=\"tag\">posts<\/a><\/span><span class='post-tags-links'><i class='fa fa-tags '><\/i><a href=\"https:\/\/www.educaemprende.com\/index.php\/tag\/emprendimiento\/\" rel=\"tag\">Emprendimiento<\/a><\/span><span class=\"comment-count\"><a href=\"https:\/\/www.educaemprende.com\/index.php\/2026\/04\/15\/dia-internacional-del-emprendimiento-2026-por-que-empezar-desde-el-colegio-lo-cambia-todo\/#respond\"><i class='fas fa-comments '><\/i>0<\/a><\/span><\/div><h3 class=\"entry-title\"><a data-id=\"991361\" class=\"\" href=\"https:\/\/www.educaemprende.com\/index.php\/2026\/04\/15\/dia-internacional-del-emprendimiento-2026-por-que-empezar-desde-el-colegio-lo-cambia-todo\/\">D\u00eda Internacional del Emprendimiento 2026: por qu\u00e9 empezar desde el colegio lo cambia todo<\/a><\/h3><div class='tpg-excerpt'>Descubre por qu\u00e9 el emprendimiento debe ense\u00f1arse desde el colegio y c\u00f3mo Educaemprende forma j\u00f3venes...<\/div><div class='post-meta '><span class='read-more'><a data-id='991361' class='' href='https:\/\/www.educaemprende.com\/index.php\/2026\/04\/15\/dia-internacional-del-emprendimiento-2026-por-que-empezar-desde-el-colegio-lo-cambia-todo\/'>Leer M\u00e1s<\/a><\/span><\/div><\/div><\/div><\/div><\/div><\/div>\n\t\n\t\t\t<!-- START Sliderbloglateral REVOLUTION SLIDER 6.6.4 --><p class=\"rs-p-wp-fix\"><\/p>\n\t\t\t<rs-module-wrap id=\"rev_slider_12_2_wrapper\" data-source=\"gallery\" style=\"visibility:hidden;background:transparent;padding:0;margin:0px auto;margin-top:0;margin-bottom:0;\">\n\t\t\t\t<rs-module id=\"rev_slider_12_2\" style=\"\" data-version=\"6.6.4\">\n\t\t\t\t\t<rs-slides style=\"overflow: hidden; position: absolute;\">\n\t\t\t\t\t\t<rs-slide style=\"position: absolute;\" data-key=\"rs-30\" data-title=\"Slide\" data-in=\"o:0;\" data-out=\"a:false;\">\n\t\t\t\t\t\t\t<img decoding=\"async\" src=\"\/\/www.educaemprende.com\/wp-content\/plugins\/revslider\/public\/assets\/assets\/dummy.png\" alt=\"Slide\" title=\"D\u00eda Internacional del Emprendimiento 2026: por qu\u00e9 empezar desde el colegio lo cambia todo\" class=\"rev-slidebg tp-rs-img rs-lazyload\" data-lazyload=\"\/\/www.educaemprende.com\/wp-content\/plugins\/revslider\/public\/assets\/assets\/transparent.png\" data-no-retina>\n<!--\n\t\t\t\t\t\t\t--><rs-layer\n\t\t\t\t\t\t\t\tid=\"slider-12-slide-30-layer-0\" \n\t\t\t\t\t\t\t\tdata-type=\"image\"\n\t\t\t\t\t\t\t\tdata-rsp_ch=\"on\"\n\t\t\t\t\t\t\t\tdata-xy=\"x:8px;y:47px;\"\n\t\t\t\t\t\t\t\tdata-text=\"w:normal;\"\n\t\t\t\t\t\t\t\tdata-dim=\"w:289px;h:176px;\"\n\t\t\t\t\t\t\t\tdata-actions='o:mouseenter;a:playslider;'\n\t\t\t\t\t\t\t\tdata-frame_999=\"o:0;st:w;sR:8700;\"\n\t\t\t\t\t\t\t\tstyle=\"z-index:6;\"\n\t\t\t\t\t\t\t><img decoding=\"async\" src=\"\/\/www.educaemprende.com\/wp-content\/plugins\/revslider\/public\/assets\/assets\/dummy.png\" alt=\"\" class=\"tp-rs-img rs-lazyload\" width=\"482\" height=\"293\" data-lazyload=\"\/\/www.educaemprende.com\/wp-content\/uploads\/2025\/10\/libros-removebg-preview-e1762696187444.png\" data-no-retina> \n\t\t\t\t\t\t\t<\/rs-layer><!--\n\n\t\t\t\t\t\t\t--><rs-layer\n\t\t\t\t\t\t\t\tid=\"slider-12-slide-30-layer-3\" \n\t\t\t\t\t\t\t\tdata-type=\"text\"\n\t\t\t\t\t\t\t\tdata-color=\"#000000\"\n\t\t\t\t\t\t\t\tdata-tsh=\"c:rgba(0,0,0,0.45);h:15px;v:15px;b:20px;\"\n\t\t\t\t\t\t\t\tdata-rsp_ch=\"on\"\n\t\t\t\t\t\t\t\tdata-xy=\"x:14px;y:-2px;\"\n\t\t\t\t\t\t\t\tdata-text=\"w:normal;s:13;l:20;ls:2;\"\n\t\t\t\t\t\t\t\tdata-dim=\"w:281px;h:53px;minh:0;\"\n\t\t\t\t\t\t\t\tdata-frame_1=\"st:1070;sp:1590;sR:1070;\"\n\t\t\t\t\t\t\t\tdata-frame_999=\"o:0;st:w;sR:6340;\"\n\t\t\t\t\t\t\t\tstyle=\"z-index:7;font-family:'Open Sans';text-transform:uppercase;\"\n\t\t\t\t\t\t\t>\"Descubre nuestros libros para emprender con \u00e9xito\" \n\t\t\t\t\t\t\t<\/rs-layer><!--\n-->\t\t\t\t\t\t<\/rs-slide>\n\t\t\t\t\t<\/rs-slides>\n\t\t\t\t<\/rs-module>\n\t\t\t\t<script>\n\t\t\t\t\tsetREVStartSize({c: 'rev_slider_12_2',rl:[1240,1024,778,480],el:[300],gw:[300],gh:[300],type:'hero',justify:'',layout:'fullwidth',mh:\"0\"});if (window.RS_MODULES!==undefined && window.RS_MODULES.modules!==undefined && window.RS_MODULES.modules[\"revslider122\"]!==undefined) {window.RS_MODULES.modules[\"revslider122\"].once = false;window.revapi12 = undefined;if (window.RS_MODULES.checkMinimal!==undefined) window.RS_MODULES.checkMinimal()}\n\t\t\t\t<\/script>\n\t\t\t<\/rs-module-wrap>\n\t\t\t<!-- END REVOLUTION SLIDER -->\n\n\t\t\t\t\t\t\t<img decoding=\"async\" src=\"https:\/\/www.educaemprende.com\/wp-content\/plugins\/beaver-builder-lite-version\/img\/pixel.png\" alt=\"\" itemprop=\"image\" onerror=\"this.style.display='none'\"  \/>\n\t\t\t\t\t\t\t<img loading=\"lazy\" decoding=\"async\" src=\"https:\/\/www.educaemprende.com\/wp-content\/uploads\/2025\/07\/Educa-Emprende-Desayuno-Conferencia-portada.jpg\" alt=\"Educa-Emprende-Desayuno-Conferencia-portada\" itemprop=\"image\" height=\"616\" width=\"800\" title=\"Educa-Emprende-Desayuno-Conferencia-portada\" onerror=\"this.style.display='none'\"  sizes=\"(max-width: 768px) 100vw, 100vw\" srcset=\"https:\/\/www.educaemprende.com\/wp-content\/uploads\/2025\/07\/Educa-Emprende-Desayuno-Conferencia-portada.jpg 800w, https:\/\/www.educaemprende.com\/wp-content\/uploads\/2025\/07\/Educa-Emprende-Desayuno-Conferencia-portada-300x231.jpg 300w, https:\/\/www.educaemprende.com\/wp-content\/uploads\/2025\/07\/Educa-Emprende-Desayuno-Conferencia-portada-768x591.jpg 768w, https:\/\/www.educaemprende.com\/wp-content\/uploads\/2025\/07\/Educa-Emprende-Desayuno-Conferencia-portada-630x484.jpg 630w, https:\/\/www.educaemprende.com\/wp-content\/uploads\/2025\/07\/Educa-Emprende-Desayuno-Conferencia-portada-420x323.jpg 420w, https:\/\/www.educaemprende.com\/wp-content\/uploads\/2025\/07\/Educa-Emprende-Desayuno-Conferencia-portada-315x242.jpg 315w\" \/>\t\t\t\t\t\t\t\n\t\t<h2>Tu idea merece crecer.<\/h2>\n\t\t<p><em>Escr\u00edbenos y hag\u00e1moslo realidad juntos.<\/em><\/p>\n\t\t\t<a href=\"https:\/\/www.educaemprende.com\/index.php\/contactenos\/\" target=\"_self\">\n\t\t\t\t\t\t\tCont\u00e1ctanos\n\t\t\t\t\t<\/a>\n\n<\/div><!-- .vgblk-rw-wrapper -->","protected":false},"excerpt":{"rendered":"<p>Tu idea merece crecer. Escr\u00edbenos y hag\u00e1moslo realidad juntos. Cont\u00e1ctanos<\/p>\n","protected":false},"author":5,"featured_media":0,"parent":0,"menu_order":0,"comment_status":"closed","ping_status":"closed","template":"","meta":{"inline_featured_image":false,"footnotes":""},"class_list":["post-989406","page","type-page","status-publish","hentry"],"jetpack_sharing_enabled":true,"rttpg_featured_image_url":null,"rttpg_author":{"display_name":"Web Master","author_link":"https:\/\/www.educaemprende.com\/index.php\/author\/yosimar\/"},"rttpg_comment":0,"rttpg_category":"","rttpg_excerpt":"Tu idea merece crecer. Escr\u00edbenos y hag\u00e1moslo realidad juntos. Cont\u00e1ctanos","_links":{"self":[{"href":"https:\/\/www.educaemprende.com\/index.php\/wp-json\/wp\/v2\/pages\/989406","targetHints":{"allow":["GET"]}}],"collection":[{"href":"https:\/\/www.educaemprende.com\/index.php\/wp-json\/wp\/v2\/pages"}],"about":[{"href":"https:\/\/www.educaemprende.com\/index.php\/wp-json\/wp\/v2\/types\/page"}],"author":[{"embeddable":true,"href":"https:\/\/www.educaemprende.com\/index.php\/wp-json\/wp\/v2\/users\/5"}],"replies":[{"embeddable":true,"href":"https:\/\/www.educaemprende.com\/index.php\/wp-json\/wp\/v2\/comments?post=989406"}],"version-history":[{"count":36,"href":"https:\/\/www.educaemprende.com\/index.php\/wp-json\/wp\/v2\/pages\/989406\/revisions"}],"predecessor-version":[{"id":990006,"href":"https:\/\/www.educaemprende.com\/index.php\/wp-json\/wp\/v2\/pages\/989406\/revisions\/990006"}],"wp:attachment":[{"href":"https:\/\/www.educaemprende.com\/index.php\/wp-json\/wp\/v2\/media?parent=989406"}],"curies":[{"name":"wp","href":"https:\/\/api.w.org\/{rel}","templated":true}]}}